{"id":1482,"date":"2025-11-28T10:43:17","date_gmt":"2025-11-28T10:43:17","guid":{"rendered":"https:\/\/vilvit.de\/lineas-de-atencion-medica\/"},"modified":"2026-02-05T14:10:55","modified_gmt":"2026-02-05T14:10:55","slug":"lineas-de-atencion-medica","status":"publish","type":"page","link":"https:\/\/vilvit.de\/es\/lineas-de-atencion-medica\/","title":{"rendered":"L\u00edneas de atenci\u00f3n m\u00e9dica"},"content":{"rendered":"","protected":false},"excerpt":{"rendered":"","protected":false},"author":1,"featured_media":0,"parent":0,"menu_order":0,"comment_status":"closed","ping_status":"closed","template":"","meta":{"_acf_changed":false,"footnotes":""},"class_list":["post-1482","page","type-page","status-publish","hentry"],"acf":[],"_links":{"self":[{"href":"https:\/\/vilvit.de\/es\/wp-json\/wp\/v2\/pages\/1482","targetHints":{"allow":["GET"]}}],"collection":[{"href":"https:\/\/vilvit.de\/es\/wp-json\/wp\/v2\/pages"}],"about":[{"href":"https:\/\/vilvit.de\/es\/wp-json\/wp\/v2\/types\/page"}],"author":[{"embeddable":true,"href":"https:\/\/vilvit.de\/es\/wp-json\/wp\/v2\/users\/1"}],"replies":[{"embeddable":true,"href":"https:\/\/vilvit.de\/es\/wp-json\/wp\/v2\/comments?post=1482"}],"version-history":[{"count":3,"href":"https:\/\/vilvit.de\/es\/wp-json\/wp\/v2\/pages\/1482\/revisions"}],"predecessor-version":[{"id":1976,"href":"https:\/\/vilvit.de\/es\/wp-json\/wp\/v2\/pages\/1482\/revisions\/1976"}],"wp:attachment":[{"href":"https:\/\/vilvit.de\/es\/wp-json\/wp\/v2\/media?parent=1482"}],"curies":[{"name":"wp","href":"https:\/\/api.w.org\/{rel}","templated":true}]}}